{"id":5074,"date":"2016-01-21T11:07:13","date_gmt":"2016-01-21T11:07:13","guid":{"rendered":"http:\/\/impreza11.us-themes.com\/?page_id=5074"},"modified":"2025-02-28T20:38:15","modified_gmt":"2025-02-28T19:38:15","slug":"news-home","status":"publish","type":"page","link":"https:\/\/knk-kurdistan.com\/eng\/","title":{"rendered":"News Home"},"content":{"rendered":"<section class=\"l-section wpb_row height_auto width_full color_footer-top\"><div class=\"l-section-h i-cf\"><div class=\"g-cols vc_row via_grid cols_1 laptops-cols_inherit tablets-cols_inherit mobiles-cols_1 valign_top type_default stacking_default\"><div class=\"wpb_column vc_column_container\"><div class=\"vc_column-inner\"><div class=\"w-grid type_grid layout_blog_1 cols_2\" id=\"us_grid_1\" style=\"--columns:2;--gap:1.5rem;\" data-filterable=\"true\"><style>@media (max-width:600px){#us_grid_1{--columns:1!important}}.layout_blog_1 .w-grid-item-h{}.layout_blog_1 .usg_post_image_1{margin-bottom:0.5rem!important}.layout_blog_1 .usg_post_title_1{font-size:1rem!important}<\/style><div class=\"w-grid-list\">\t<article class=\"w-grid-item size_1x1 post-10404 post type-post status-publish format-standard has-post-thumbnail hentry category-diaspora category-diplomacy category-east-kurdistan category-headline category-knk category-north-kurdistan category-south-kurdistan category-statements category-west-kurdistan\" data-id=\"10404\">\r\n\t\t<div class=\"w-grid-item-h\">\r\n\t\t\t\t\t\t<div class=\"w-post-elm post_image usg_post_image_1 stretched\"><a href=\"https:\/\/knk-kurdistan.com\/eng\/23rd-knk-congress-lets-unite-through-a-national-conference\/\" aria-label=\"23rd KNK Congress: Let\u2019s unite through a National Conference\"><img loading=\"lazy\" decoding=\"async\" width=\"1024\" height=\"683\" src=\"https:\/\/knk-kurdistan.com\/eng\/wp-content\/uploads\/2025\/05\/24-05-2025-HABER-MERKEZI-KNK-23-inci-Olagan-Kongresi-basladi-6e4902full-1024x683.jpg\" class=\"attachment-large size-large wp-post-image\" alt=\"\" srcset=\"https:\/\/knk-kurdistan.com\/eng\/wp-content\/uploads\/2025\/05\/24-05-2025-HABER-MERKEZI-KNK-23-inci-Olagan-Kongresi-basladi-6e4902full-1024x683.jpg 1024w, https:\/\/knk-kurdistan.com\/eng\/wp-content\/uploads\/2025\/05\/24-05-2025-HABER-MERKEZI-KNK-23-inci-Olagan-Kongresi-basladi-6e4902full-300x200.jpg 300w, https:\/\/knk-kurdistan.com\/eng\/wp-content\/uploads\/2025\/05\/24-05-2025-HABER-MERKEZI-KNK-23-inci-Olagan-Kongresi-basladi-6e4902full-600x400.jpg 600w\" sizes=\"auto, (max-width: 1024px) 100vw, 1024px\" \/><\/a><\/div><h2 class=\"w-post-elm post_title usg_post_title_1 entry-title color_link_inherit\"><a href=\"https:\/\/knk-kurdistan.com\/eng\/23rd-knk-congress-lets-unite-through-a-national-conference\/\">23rd KNK Congress: Let\u2019s unite through a National Conference<\/a><\/h2>\t\t<\/div>\r\n\t\t\t<\/article>\r\n\t<article class=\"w-grid-item size_1x1 post-9460 post type-post status-publish format-standard has-post-thumbnail hentry category-press-releases\" data-id=\"9460\">\r\n\t\t<div class=\"w-grid-item-h\">\r\n\t\t\t\t\t\t<div class=\"w-post-elm post_image usg_post_image_1 stretched\"><a href=\"https:\/\/knk-kurdistan.com\/eng\/3-years-of-torture-against-abdullah-ocalan-is-3-years-of-collective-punishment-against-kurds\/\" aria-label=\"3 years of Torture Against Abdullah \u00d6calan, is 3 Years of Collective Punishment Against Kurds\"><img loading=\"lazy\" decoding=\"async\" width=\"1024\" height=\"576\" src=\"https:\/\/knk-kurdistan.com\/eng\/wp-content\/uploads\/2024\/05\/Copy-of-KNK-35-1024x576.png\" class=\"attachment-large size-large wp-post-image\" alt=\"\" srcset=\"https:\/\/knk-kurdistan.com\/eng\/wp-content\/uploads\/2024\/05\/Copy-of-KNK-35-1024x576.png 1024w, https:\/\/knk-kurdistan.com\/eng\/wp-content\/uploads\/2024\/05\/Copy-of-KNK-35-300x169.png 300w, https:\/\/knk-kurdistan.com\/eng\/wp-content\/uploads\/2024\/05\/Copy-of-KNK-35-600x339.png 600w, https:\/\/knk-kurdistan.com\/eng\/wp-content\/uploads\/2024\/05\/Copy-of-KNK-35-597x336.png 597w, https:\/\/knk-kurdistan.com\/eng\/wp-content\/uploads\/2024\/05\/Copy-of-KNK-35.png 1600w\" sizes=\"auto, (max-width: 1024px) 100vw, 1024px\" \/><\/a><\/div><h2 class=\"w-post-elm post_title usg_post_title_1 entry-title color_link_inherit\"><a href=\"https:\/\/knk-kurdistan.com\/eng\/3-years-of-torture-against-abdullah-ocalan-is-3-years-of-collective-punishment-against-kurds\/\">3 years of Torture Against Abdullah \u00d6calan, is 3 Years of Collective Punishment Against Kurds<\/a><\/h2>\t\t<\/div>\r\n\t\t\t<\/article>\r\n\t<article class=\"w-grid-item size_1x1 post-9456 post type-post status-publish format-standard has-post-thumbnail hentry category-elections category-north-kurdistan category-press-releases\" data-id=\"9456\">\r\n\t\t<div class=\"w-grid-item-h\">\r\n\t\t\t\t\t\t<div class=\"w-post-elm post_image usg_post_image_1 stretched\"><a href=\"https:\/\/knk-kurdistan.com\/eng\/31-march-local-elections-resulted-en-turkey\/\" aria-label=\"31 March local elections resulted en Turkey\"><img loading=\"lazy\" decoding=\"async\" width=\"1024\" height=\"576\" src=\"https:\/\/knk-kurdistan.com\/eng\/wp-content\/uploads\/2024\/05\/Copy-of-KNK-33-1024x576.png\" class=\"attachment-large size-large wp-post-image\" alt=\"\" srcset=\"https:\/\/knk-kurdistan.com\/eng\/wp-content\/uploads\/2024\/05\/Copy-of-KNK-33-1024x576.png 1024w, https:\/\/knk-kurdistan.com\/eng\/wp-content\/uploads\/2024\/05\/Copy-of-KNK-33-300x169.png 300w, https:\/\/knk-kurdistan.com\/eng\/wp-content\/uploads\/2024\/05\/Copy-of-KNK-33-600x339.png 600w, https:\/\/knk-kurdistan.com\/eng\/wp-content\/uploads\/2024\/05\/Copy-of-KNK-33-597x336.png 597w, https:\/\/knk-kurdistan.com\/eng\/wp-content\/uploads\/2024\/05\/Copy-of-KNK-33.png 1600w\" sizes=\"auto, (max-width: 1024px) 100vw, 1024px\" \/><\/a><\/div><h2 class=\"w-post-elm post_title usg_post_title_1 entry-title color_link_inherit\"><a href=\"https:\/\/knk-kurdistan.com\/eng\/31-march-local-elections-resulted-en-turkey\/\">31 March local elections resulted en Turkey<\/a><\/h2>\t\t<\/div>\r\n\t\t\t<\/article>\r\n\t<article class=\"w-grid-item size_1x1 post-9252 post type-post status-publish format-standard has-post-thumbnail hentry category-occupation category-press-releases category-south-kurdistan category-statements\" data-id=\"9252\">\r\n\t\t<div class=\"w-grid-item-h\">\r\n\t\t\t\t\t\t<div class=\"w-post-elm post_image usg_post_image_1 stretched\"><a href=\"https:\/\/knk-kurdistan.com\/eng\/appeal-to-local-and-global-media-and-public-opinion\/\" aria-label=\"900 prominent figures sign appeal to stop Turkish military is attacking and invading the Kurdistan Region of Iraq\"><img loading=\"lazy\" decoding=\"async\" width=\"1024\" height=\"576\" src=\"https:\/\/knk-kurdistan.com\/eng\/wp-content\/uploads\/2024\/05\/Copy-of-KNK-18-1024x576.png\" class=\"attachment-large size-large wp-post-image\" alt=\"\" srcset=\"https:\/\/knk-kurdistan.com\/eng\/wp-content\/uploads\/2024\/05\/Copy-of-KNK-18-1024x576.png 1024w, https:\/\/knk-kurdistan.com\/eng\/wp-content\/uploads\/2024\/05\/Copy-of-KNK-18-300x169.png 300w, https:\/\/knk-kurdistan.com\/eng\/wp-content\/uploads\/2024\/05\/Copy-of-KNK-18-600x339.png 600w, https:\/\/knk-kurdistan.com\/eng\/wp-content\/uploads\/2024\/05\/Copy-of-KNK-18-597x336.png 597w, https:\/\/knk-kurdistan.com\/eng\/wp-content\/uploads\/2024\/05\/Copy-of-KNK-18.png 1600w\" sizes=\"auto, (max-width: 1024px) 100vw, 1024px\" \/><\/a><\/div><h2 class=\"w-post-elm post_title usg_post_title_1 entry-title color_link_inherit\"><a href=\"https:\/\/knk-kurdistan.com\/eng\/appeal-to-local-and-global-media-and-public-opinion\/\">900 prominent figures sign appeal to stop Turkish military is attacking and invading the Kurdistan Region of Iraq<\/a><\/h2>\t\t<\/div>\r\n\t\t\t<\/article>\r\n\t<article class=\"w-grid-item size_1x1 post-9413 post type-post status-publish format-standard has-post-thumbnail hentry category-dossiers category-east-kurdistan\" data-id=\"9413\">\r\n\t\t<div class=\"w-grid-item-h\">\r\n\t\t\t\t\t\t<div class=\"w-post-elm post_image usg_post_image_1 stretched\"><a href=\"https:\/\/knk-kurdistan.com\/eng\/a-briefing-paper-on-rojhelat-east-iranian-kurdistan\/\" aria-label=\"A Briefing paper on Rojhelat &#8211; East (Iranian) Kurdistan\"><img loading=\"lazy\" decoding=\"async\" width=\"1024\" height=\"576\" src=\"https:\/\/knk-kurdistan.com\/eng\/wp-content\/uploads\/2024\/05\/Copy-of-KNK-28-1024x576.png\" class=\"attachment-large size-large wp-post-image\" alt=\"\" srcset=\"https:\/\/knk-kurdistan.com\/eng\/wp-content\/uploads\/2024\/05\/Copy-of-KNK-28-1024x576.png 1024w, https:\/\/knk-kurdistan.com\/eng\/wp-content\/uploads\/2024\/05\/Copy-of-KNK-28-300x169.png 300w, https:\/\/knk-kurdistan.com\/eng\/wp-content\/uploads\/2024\/05\/Copy-of-KNK-28-600x339.png 600w, https:\/\/knk-kurdistan.com\/eng\/wp-content\/uploads\/2024\/05\/Copy-of-KNK-28-597x336.png 597w, https:\/\/knk-kurdistan.com\/eng\/wp-content\/uploads\/2024\/05\/Copy-of-KNK-28.png 1600w\" sizes=\"auto, (max-width: 1024px) 100vw, 1024px\" \/><\/a><\/div><h2 class=\"w-post-elm post_title usg_post_title_1 entry-title color_link_inherit\"><a href=\"https:\/\/knk-kurdistan.com\/eng\/a-briefing-paper-on-rojhelat-east-iranian-kurdistan\/\">A Briefing paper on Rojhelat &#8211; East (Iranian) Kurdistan<\/a><\/h2>\t\t<\/div>\r\n\t\t\t<\/article>\r\n\t<article class=\"w-grid-item size_1x1 post-9158 post type-post status-publish format-standard has-post-thumbnail hentry category-diplomacy category-international category-statements\" data-id=\"9158\">\r\n\t\t<div class=\"w-grid-item-h\">\r\n\t\t\t\t\t\t<div class=\"w-post-elm post_image usg_post_image_1 stretched\"><a href=\"https:\/\/knk-kurdistan.com\/eng\/a-congratulatory-message-to-the-us-president-elect-joseph-biden-and-vice-president-elect-kamala-harris-on-their-victory\/\" aria-label=\"A congratulatory message to the US President-Elect Joseph Biden and Vice President-Elect Kamala Harris on their victory!\"><img loading=\"lazy\" decoding=\"async\" width=\"990\" height=\"556\" src=\"https:\/\/knk-kurdistan.com\/eng\/wp-content\/uploads\/2024\/05\/20230220-20230220-knk-nedir-jpg132190-image-jpeg56f10f-image.jpg\" class=\"attachment-large size-large wp-post-image\" alt=\"\" srcset=\"https:\/\/knk-kurdistan.com\/eng\/wp-content\/uploads\/2024\/05\/20230220-20230220-knk-nedir-jpg132190-image-jpeg56f10f-image.jpg 990w, https:\/\/knk-kurdistan.com\/eng\/wp-content\/uploads\/2024\/05\/20230220-20230220-knk-nedir-jpg132190-image-jpeg56f10f-image-300x168.jpg 300w, https:\/\/knk-kurdistan.com\/eng\/wp-content\/uploads\/2024\/05\/20230220-20230220-knk-nedir-jpg132190-image-jpeg56f10f-image-600x338.jpg 600w, https:\/\/knk-kurdistan.com\/eng\/wp-content\/uploads\/2024\/05\/20230220-20230220-knk-nedir-jpg132190-image-jpeg56f10f-image-598x336.jpg 598w\" sizes=\"auto, (max-width: 990px) 100vw, 990px\" \/><\/a><\/div><h2 class=\"w-post-elm post_title usg_post_title_1 entry-title color_link_inherit\"><a href=\"https:\/\/knk-kurdistan.com\/eng\/a-congratulatory-message-to-the-us-president-elect-joseph-biden-and-vice-president-elect-kamala-harris-on-their-victory\/\">A congratulatory message to the US President-Elect Joseph Biden and Vice President-Elect Kamala Harris on their victory!<\/a><\/h2>\t\t<\/div>\r\n\t\t\t<\/article>\r\n\t<article class=\"w-grid-item size_1x1 post-10335 post type-post status-publish format-standard has-post-thumbnail hentry category-dossiers category-headline category-occupation category-west-kurdistan\" data-id=\"10335\">\r\n\t\t<div class=\"w-grid-item-h\">\r\n\t\t\t\t\t\t<div class=\"w-post-elm post_image usg_post_image_1 stretched\"><a href=\"https:\/\/knk-kurdistan.com\/eng\/rojava-northern-syria-crisis-stability\/\" aria-label=\"Addressing Rojava and Northern Syria\u2019s Developing Crisis: A Blueprint for Stability\"><img loading=\"lazy\" decoding=\"async\" width=\"1024\" height=\"683\" src=\"https:\/\/knk-kurdistan.com\/eng\/wp-content\/uploads\/2024\/12\/IMG_0182-2-2048x1365-1-1024x683.jpg\" class=\"attachment-large size-large wp-post-image\" alt=\"\" srcset=\"https:\/\/knk-kurdistan.com\/eng\/wp-content\/uploads\/2024\/12\/IMG_0182-2-2048x1365-1-1024x683.jpg 1024w, https:\/\/knk-kurdistan.com\/eng\/wp-content\/uploads\/2024\/12\/IMG_0182-2-2048x1365-1-300x200.jpg 300w, https:\/\/knk-kurdistan.com\/eng\/wp-content\/uploads\/2024\/12\/IMG_0182-2-2048x1365-1-600x400.jpg 600w, https:\/\/knk-kurdistan.com\/eng\/wp-content\/uploads\/2024\/12\/IMG_0182-2-2048x1365-1.jpg 2048w\" sizes=\"auto, (max-width: 1024px) 100vw, 1024px\" \/><\/a><\/div><h2 class=\"w-post-elm post_title usg_post_title_1 entry-title color_link_inherit\"><a href=\"https:\/\/knk-kurdistan.com\/eng\/rojava-northern-syria-crisis-stability\/\">Addressing Rojava and Northern Syria\u2019s Developing Crisis: A Blueprint for Stability<\/a><\/h2>\t\t<\/div>\r\n\t\t\t<\/article>\r\n\t<article class=\"w-grid-item size_1x1 post-9492 post type-post status-publish format-standard has-post-thumbnail hentry category-international category-press-releases category-statements\" data-id=\"9492\">\r\n\t\t<div class=\"w-grid-item-h\">\r\n\t\t\t\t\t\t<div class=\"w-post-elm post_image usg_post_image_1 stretched\"><a href=\"https:\/\/knk-kurdistan.com\/eng\/after-108-years-armenians-face-another-genocide\/\" aria-label=\"After 108 Years, Armenians Face Another Genocide!\"><img loading=\"lazy\" decoding=\"async\" width=\"1024\" height=\"576\" src=\"https:\/\/knk-kurdistan.com\/eng\/wp-content\/uploads\/2024\/05\/Copy-of-KNK-49-1024x576.png\" class=\"attachment-large size-large wp-post-image\" alt=\"\" srcset=\"https:\/\/knk-kurdistan.com\/eng\/wp-content\/uploads\/2024\/05\/Copy-of-KNK-49-1024x576.png 1024w, https:\/\/knk-kurdistan.com\/eng\/wp-content\/uploads\/2024\/05\/Copy-of-KNK-49-300x169.png 300w, https:\/\/knk-kurdistan.com\/eng\/wp-content\/uploads\/2024\/05\/Copy-of-KNK-49-600x339.png 600w, https:\/\/knk-kurdistan.com\/eng\/wp-content\/uploads\/2024\/05\/Copy-of-KNK-49-597x336.png 597w, https:\/\/knk-kurdistan.com\/eng\/wp-content\/uploads\/2024\/05\/Copy-of-KNK-49.png 1600w\" sizes=\"auto, (max-width: 1024px) 100vw, 1024px\" \/><\/a><\/div><h2 class=\"w-post-elm post_title usg_post_title_1 entry-title color_link_inherit\"><a href=\"https:\/\/knk-kurdistan.com\/eng\/after-108-years-armenians-face-another-genocide\/\">After 108 Years, Armenians Face Another Genocide!<\/a><\/h2>\t\t<\/div>\r\n\t\t\t<\/article>\r\n\t<article class=\"w-grid-item size_1x1 post-10449 post type-post status-publish format-standard has-post-thumbnail hentry category-headline category-north-kurdistan category-press-releases\" data-id=\"10449\">\r\n\t\t<div class=\"w-grid-item-h\">\r\n\t\t\t\t\t\t<div class=\"w-post-elm post_image usg_post_image_1 stretched\"><a href=\"https:\/\/knk-kurdistan.com\/eng\/another-historic-act-by-the-kurdish-freedom-movement-the-withdrawal-of-the-fighters-from-turkey\/\" aria-label=\"Another historic act by the Kurdish Freedom Movement: The withdrawal of the fighters from Turkey\"><img loading=\"lazy\" decoding=\"async\" width=\"600\" height=\"400\" src=\"https:\/\/knk-kurdistan.com\/eng\/wp-content\/uploads\/2025\/10\/26-10-2025-QENDIL-Hareket-Yonetimi-Turkiye-deki-guclerimizi-geri-cekiyoruz-c51bfdpre.jpg\" class=\"attachment-large size-large wp-post-image\" alt=\"\" srcset=\"https:\/\/knk-kurdistan.com\/eng\/wp-content\/uploads\/2025\/10\/26-10-2025-QENDIL-Hareket-Yonetimi-Turkiye-deki-guclerimizi-geri-cekiyoruz-c51bfdpre.jpg 600w, https:\/\/knk-kurdistan.com\/eng\/wp-content\/uploads\/2025\/10\/26-10-2025-QENDIL-Hareket-Yonetimi-Turkiye-deki-guclerimizi-geri-cekiyoruz-c51bfdpre-300x200.jpg 300w\" sizes=\"auto, (max-width: 600px) 100vw, 600px\" \/><\/a><\/div><h2 class=\"w-post-elm post_title usg_post_title_1 entry-title color_link_inherit\"><a href=\"https:\/\/knk-kurdistan.com\/eng\/another-historic-act-by-the-kurdish-freedom-movement-the-withdrawal-of-the-fighters-from-turkey\/\">Another historic act by the Kurdish Freedom Movement: The withdrawal of the fighters from Turkey<\/a><\/h2>\t\t<\/div>\r\n\t\t\t<\/article>\r\n\t<article class=\"w-grid-item size_1x1 post-9493 post type-post status-publish format-standard has-post-thumbnail hentry category-diplomacy category-press-releases category-south-kurdistan category-statements\" data-id=\"9493\">\r\n\t\t<div class=\"w-grid-item-h\">\r\n\t\t\t\t\t\t<div class=\"w-post-elm post_image usg_post_image_1 stretched\"><a href=\"https:\/\/knk-kurdistan.com\/eng\/attack-on-our-office-targets-national-unity\/\" aria-label=\"Attack on our office targets national unity\"><img loading=\"lazy\" decoding=\"async\" width=\"1024\" height=\"576\" src=\"https:\/\/knk-kurdistan.com\/eng\/wp-content\/uploads\/2024\/05\/Copy-of-KNK-49-1024x576.png\" class=\"attachment-large size-large wp-post-image\" alt=\"\" srcset=\"https:\/\/knk-kurdistan.com\/eng\/wp-content\/uploads\/2024\/05\/Copy-of-KNK-49-1024x576.png 1024w, https:\/\/knk-kurdistan.com\/eng\/wp-content\/uploads\/2024\/05\/Copy-of-KNK-49-300x169.png 300w, https:\/\/knk-kurdistan.com\/eng\/wp-content\/uploads\/2024\/05\/Copy-of-KNK-49-600x339.png 600w, https:\/\/knk-kurdistan.com\/eng\/wp-content\/uploads\/2024\/05\/Copy-of-KNK-49-597x336.png 597w, https:\/\/knk-kurdistan.com\/eng\/wp-content\/uploads\/2024\/05\/Copy-of-KNK-49.png 1600w\" sizes=\"auto, (max-width: 1024px) 100vw, 1024px\" \/><\/a><\/div><h2 class=\"w-post-elm post_title usg_post_title_1 entry-title color_link_inherit\"><a href=\"https:\/\/knk-kurdistan.com\/eng\/attack-on-our-office-targets-national-unity\/\">Attack on our office targets national unity<\/a><\/h2>\t\t<\/div>\r\n\t\t\t<\/article>\r\n<\/div><div class=\"w-grid-preloader\">\t<div class=\"g-preloader type_1\">\r\n\t\t<div><\/div>\r\n\t<\/div>\r\n\t<\/div>\t<div class=\"w-grid-json hidden\" onclick='return {&quot;action&quot;:&quot;us_ajax_grid&quot;,&quot;infinite_scroll&quot;:0,&quot;max_num_pages&quot;:13,&quot;pagination&quot;:&quot;none&quot;,&quot;template_vars&quot;:{&quot;columns&quot;:&quot;2&quot;,&quot;exclude_items&quot;:&quot;none&quot;,&quot;img_size&quot;:&quot;default&quot;,&quot;ignore_items_size&quot;:0,&quot;items_layout&quot;:&quot;blog_1&quot;,&quot;items_offset&quot;:&quot;1&quot;,&quot;load_animation&quot;:&quot;none&quot;,&quot;overriding_link&quot;:&quot;%7B%22url%22%3A%22%22%7D&quot;,&quot;post_id&quot;:0,&quot;query_args&quot;:{&quot;post_type&quot;:[&quot;post&quot;],&quot;post_status&quot;:[&quot;publish&quot;,&quot;acf-disabled&quot;],&quot;posts_per_page&quot;:&quot;10&quot;},&quot;orderby_query_args&quot;:{&quot;orderby&quot;:{&quot;title&quot;:&quot;ASC&quot;},&quot;order&quot;:&quot;ASC&quot;},&quot;type&quot;:&quot;grid&quot;,&quot;us_grid_post_type&quot;:&quot;post&quot;,&quot;us_grid_ajax_index&quot;:1,&quot;us_grid_filter_query_string&quot;:null,&quot;us_grid_index&quot;:1,&quot;page_args&quot;:[]}}'><\/div>\r\n\t<\/div><\/div><\/div><\/div><\/div><\/section><section class=\"l-section wpb_row height_small\"><div class=\"l-section-h i-cf\"><div class=\"g-cols vc_row via_grid cols_1 laptops-cols_inherit tablets-cols_inherit mobiles-cols_1 valign_top type_default stacking_default\"><div class=\"wpb_column vc_column_container\"><div class=\"vc_column-inner\"><\/div><\/div><\/div><\/div><\/section>\n","protected":false},"excerpt":{"rendered":"The Kurdistan National Congress (KNK) Executive Council condemned the armed attack on our offices in Hewl\u00ear, as a result of which Deniz Cevdet B\u00fclb\u00fcn was murdered. This attack did not just target an office, an employee, a KNK member. The aim of this attack was the national unity of the people of Kurdistan. These attacks...","protected":false},"author":1,"featured_media":0,"parent":0,"menu_order":0,"comment_status":"closed","ping_status":"closed","template":"","meta":{"_acf_changed":false,"footnotes":""},"class_list":["post-5074","page","type-page","status-publish","hentry"],"acf":[],"_links":{"self":[{"href":"https:\/\/knk-kurdistan.com\/eng\/wp-json\/wp\/v2\/pages\/5074","targetHints":{"allow":["GET"]}}],"collection":[{"href":"https:\/\/knk-kurdistan.com\/eng\/wp-json\/wp\/v2\/pages"}],"about":[{"href":"https:\/\/knk-kurdistan.com\/eng\/wp-json\/wp\/v2\/types\/page"}],"author":[{"embeddable":true,"href":"https:\/\/knk-kurdistan.com\/eng\/wp-json\/wp\/v2\/users\/1"}],"replies":[{"embeddable":true,"href":"https:\/\/knk-kurdistan.com\/eng\/wp-json\/wp\/v2\/comments?post=5074"}],"version-history":[{"count":40,"href":"https:\/\/knk-kurdistan.com\/eng\/wp-json\/wp\/v2\/pages\/5074\/revisions"}],"predecessor-version":[{"id":10386,"href":"https:\/\/knk-kurdistan.com\/eng\/wp-json\/wp\/v2\/pages\/5074\/revisions\/10386"}],"wp:attachment":[{"href":"https:\/\/knk-kurdistan.com\/eng\/wp-json\/wp\/v2\/media?parent=5074"}],"curies":[{"name":"wp","href":"https:\/\/api.w.org\/{rel}","templated":true}]}}